{"id":7,"date":"2015-07-23T16:57:57","date_gmt":"2015-07-23T16:57:57","guid":{"rendered":"http:\/\/www.pwslogistica.com.br\/site\/?page_id=7"},"modified":"2015-07-23T17:11:11","modified_gmt":"2015-07-23T17:11:11","slug":"seguranca","status":"publish","type":"page","link":"http:\/\/www.pwslogistica.com.br\/site\/?page_id=7","title":{"rendered":"Seguran\u00e7a"},"content":{"rendered":"<div align=\"justify\">\n<p>\u2022 Todas as transa\u00e7\u00f5es do Gerenciador\u00a0WEB e outros produtos s\u00e3o feitas com criptografia forte de 256 bits. Cada bit a mais dobra a dificuldade de viola\u00e7\u00e3o do sistema, tornando todas as opera\u00e7\u00f5es seguras e confi\u00e1veis.<\/p>\n<\/div>\n<p class=\"txt11cinza\" align=\"justify\">\u2022 Possibilidade de restri\u00e7\u00e3o de acesso por IP\u00b4S.<\/p>\n<p class=\"txt11cinza\" align=\"justify\">\u2022 Backups di\u00e1rios da base de dados;<\/p>\n<p class=\"txt11cinza\" align=\"justify\">\u2022 Controle e armazenamento de acesso por IP;<\/p>\n<p class=\"txt11cinza\" align=\"justify\">\u2022 Login e senha de acesso criptografada;<\/p>\n<p class=\"txt11cinza\" align=\"justify\">\u2022 Ambiente protegido e seguro HTTPS, com criptografia SSL de 256 bits.<\/p>\n<p class=\"txt11cinza\" align=\"justify\"><a href=\"http:\/\/www.pwslogistica.com.br\/site\/wp-content\/uploads\/2015\/07\/locaweb1-300x67-300x67.png\"><img loading=\"lazy\" decoding=\"async\" class=\"  wp-image-8 aligncenter\" src=\"http:\/\/www.pwslogistica.com.br\/site\/wp-content\/uploads\/2015\/07\/locaweb1-300x67-300x67-300x67.png\" alt=\"locaweb1-300x67-300x67\" width=\"264\" height=\"59\" \/><\/a><\/p>\n<p class=\"txt11cinza\" align=\"justify\"><strong>HOSPEDAGEM LOCAWEB IDC:<\/strong><\/p>\n<p class=\"txt11cinza\" align=\"justify\">Nosso aplicativo esta hospedado no maior data center do pais, contando com toda infra-estrutura necess\u00e1ria para garantia de estabilidade e funcionamento de seu E-Business ou E-Commerce.<\/p>\n<p class=\"txt11cinza\" align=\"justify\">Servi\u00e7o de hospedagem:<br \/>\nHospedagem com servi\u00e7os adicionais de back-up, seguran\u00e7a, monitoria 24h e administra\u00e7\u00e3o de hardware e software inclusos.<\/p>\n<p class=\"txt11cinza\" align=\"justify\">Cluster balanceado.<\/p>\n<p><span class=\"txt11cinza\">Mais detalhes em<\/span><\/p>\n<p><strong><a class=\"txt11cinzanegrito\" href=\"http:\/\/www.locaweb.com.br\/sobre-locaweb\/infraestrutura.html\" target=\"_blank\">http:\/\/www.locaweb.com.br\/<\/a><\/strong><\/p>\n","protected":false},"excerpt":{"rendered":"<p>\u2022 Todas as transa\u00e7\u00f5es do Gerenciador\u00a0WEB e outros produtos s\u00e3o feitas com criptografia forte de 256 bits. Cada bit a mais dobra a dificuldade de viola\u00e7\u00e3o do sistema, tornando todas as opera\u00e7\u00f5es seguras e confi\u00e1veis. \u2022 Possibilidade de restri\u00e7\u00e3o de acesso por IP\u00b4S. \u2022 Backups di\u00e1rios da base de dados; \u2022 Controle e armazenamento de [&hellip;]<\/p>\n","protected":false},"author":1,"featured_media":0,"parent":0,"menu_order":0,"comment_status":"open","ping_status":"open","template":"","meta":{"footnotes":""},"class_list":["post-7","page","type-page","status-publish","hentry"],"_links":{"self":[{"href":"http:\/\/www.pwslogistica.com.br\/site\/index.php?rest_route=\/wp\/v2\/pages\/7","targetHints":{"allow":["GET"]}}],"collection":[{"href":"http:\/\/www.pwslogistica.com.br\/site\/index.php?rest_route=\/wp\/v2\/pages"}],"about":[{"href":"http:\/\/www.pwslogistica.com.br\/site\/index.php?rest_route=\/wp\/v2\/types\/page"}],"author":[{"embeddable":true,"href":"http:\/\/www.pwslogistica.com.br\/site\/index.php?rest_route=\/wp\/v2\/users\/1"}],"replies":[{"embeddable":true,"href":"http:\/\/www.pwslogistica.com.br\/site\/index.php?rest_route=%2Fwp%2Fv2%2Fcomments&post=7"}],"version-history":[{"count":1,"href":"http:\/\/www.pwslogistica.com.br\/site\/index.php?rest_route=\/wp\/v2\/pages\/7\/revisions"}],"predecessor-version":[{"id":9,"href":"http:\/\/www.pwslogistica.com.br\/site\/index.php?rest_route=\/wp\/v2\/pages\/7\/revisions\/9"}],"wp:attachment":[{"href":"http:\/\/www.pwslogistica.com.br\/site\/index.php?rest_route=%2Fwp%2Fv2%2Fmedia&parent=7"}],"curies":[{"name":"wp","href":"https:\/\/api.w.org\/{rel}","templated":true}]}}