{"id":5,"date":"2015-07-23T16:53:39","date_gmt":"2015-07-23T16:53:39","guid":{"rendered":"http:\/\/www.pwslogistica.com.br\/site\/?page_id=5"},"modified":"2015-07-23T19:03:36","modified_gmt":"2015-07-23T19:03:36","slug":"empresa","status":"publish","type":"page","link":"http:\/\/www.pwslogistica.com.br\/site\/?page_id=5","title":{"rendered":"Empresa"},"content":{"rendered":"<p>A Pws Inform\u00e1tica\u00a0\u00e9 uma empresa que ao longo dos anos se especializou em gest\u00e3o empresarial e desenvolvimento de aplicativos via web.<br \/>\nNo mercado desde 1994, e em constante atualiza\u00e7\u00e3o de nossos profissionais, hoje podemos oferecer a solu\u00e7\u00e3o ideal para sua empresa, utilizando todos os recursos tecnol\u00f3gicos dispon\u00edveis no mercado.<br \/>\nFocada em desenvolvimento de aplica\u00e7\u00f5es multi-plataformas, com baixo custo de investimento, nossos sistemas s\u00e3o criados sobre a linguagem java conhecida mundialmente pela robustez e facilidade de comunica\u00e7\u00e3o.<br \/>\nUtilizando o java como linguagem principal, temos solu\u00e7\u00f5es no que h\u00e1 de mais avan\u00e7ado em tecnologia da informa\u00e7\u00e3o e com a melhor rela\u00e7\u00e3o custo x benef\u00edcio do mercado, garantindo um r\u00e1pido retorno de investimento.<br \/>\nCom esse dom\u00ednio tecnol\u00f3gico, nos da Pws\u00a0conseguimos n\u00edveis elevados de produtividade, podendo competir em igualdade de condi\u00e7\u00f5es e praticar custos muito mais acess\u00edveis que a concorr\u00eancia tradicional, oferecendo servi\u00e7os adicionais sem custo elevado.<\/p>\n<p class=\"txt11cinza\" align=\"justify\"><strong>Nossa Miss\u00e3o<br \/>\nLevar o melhor para os nossos clientes de maneira que ele esteja sempre atualizado sem custos adicionais desnecess\u00e1rios, focando sempre a modernidade e melhor praticidade com retornos em curto prazo.<br \/>\n<\/strong><\/p>\n<p class=\"txt11cinza\" align=\"justify\"><strong>Nossa Vis\u00e3o<br \/>\nOferecer o melhor e ser reconhecido no mercado como uma empresa que equilibra tecnologia, custos e qualidade para seus clientes.<\/strong><\/p>\n","protected":false},"excerpt":{"rendered":"<p>A Pws Inform\u00e1tica\u00a0\u00e9 uma empresa que ao longo dos anos se especializou em gest\u00e3o empresarial e desenvolvimento de aplicativos via web. No mercado desde 1994, e em constante atualiza\u00e7\u00e3o de nossos profissionais, hoje podemos oferecer a solu\u00e7\u00e3o ideal para sua empresa, utilizando todos os recursos tecnol\u00f3gicos dispon\u00edveis no mercado. Focada em desenvolvimento de aplica\u00e7\u00f5es multi-plataformas, [&hellip;]<\/p>\n","protected":false},"author":1,"featured_media":0,"parent":0,"menu_order":0,"comment_status":"open","ping_status":"open","template":"","meta":{"footnotes":""},"class_list":["post-5","page","type-page","status-publish","hentry"],"_links":{"self":[{"href":"http:\/\/www.pwslogistica.com.br\/site\/index.php?rest_route=\/wp\/v2\/pages\/5","targetHints":{"allow":["GET"]}}],"collection":[{"href":"http:\/\/www.pwslogistica.com.br\/site\/index.php?rest_route=\/wp\/v2\/pages"}],"about":[{"href":"http:\/\/www.pwslogistica.com.br\/site\/index.php?rest_route=\/wp\/v2\/types\/page"}],"author":[{"embeddable":true,"href":"http:\/\/www.pwslogistica.com.br\/site\/index.php?rest_route=\/wp\/v2\/users\/1"}],"replies":[{"embeddable":true,"href":"http:\/\/www.pwslogistica.com.br\/site\/index.php?rest_route=%2Fwp%2Fv2%2Fcomments&post=5"}],"version-history":[{"count":2,"href":"http:\/\/www.pwslogistica.com.br\/site\/index.php?rest_route=\/wp\/v2\/pages\/5\/revisions"}],"predecessor-version":[{"id":48,"href":"http:\/\/www.pwslogistica.com.br\/site\/index.php?rest_route=\/wp\/v2\/pages\/5\/revisions\/48"}],"wp:attachment":[{"href":"http:\/\/www.pwslogistica.com.br\/site\/index.php?rest_route=%2Fwp%2Fv2%2Fmedia&parent=5"}],"curies":[{"name":"wp","href":"https:\/\/api.w.org\/{rel}","templated":true}]}}