{"id":39,"date":"2015-07-23T17:25:39","date_gmt":"2015-07-23T17:25:39","guid":{"rendered":"http:\/\/www.pwslogistica.com.br\/site\/?page_id=39"},"modified":"2015-07-23T18:05:19","modified_gmt":"2015-07-23T18:05:19","slug":"apresentacao","status":"publish","type":"page","link":"http:\/\/www.pwslogistica.com.br\/site\/?page_id=39","title":{"rendered":"Apresenta\u00e7\u00e3o"},"content":{"rendered":"<p><strong>Apresenta\u00e7\u00e3o<\/strong><br \/>\nO Software para Gerenciamento de Transportadoras \u00e9 um Sistema Integrado de Gest\u00e3o com funcionamento via Web,\u00a0portanto n\u00e3o \u00e9 necess\u00e1rio ter um servidor na empresa, j\u00e1 que o sistema fica instalado em um\u00a0provedor de hospedagem. Esta tecnologia permite uma dr\u00e1stica e comprovada redu\u00e7\u00e3o das\u00a0despesas de infra estrutura, manuten\u00e7\u00e3o de servidores e m\u00e1quinas na empresa. Voc\u00ea tamb\u00e9m\u00a0n\u00e3o precisar\u00e1 mais se preocupar com backup dos dados do seu sistema, porque isto e feito pelo\u00a0pr\u00f3prio provedor utilizando todos os crit\u00e9rios t\u00e9cnicos necess\u00e1rios para evitar qualquer tipo de\u00a0problema relacionado \u00e0 perda de dados.<\/p>\n<p><strong>Vis\u00e3o geral do funcionamento<\/strong><br \/>\nO Sistema foi desenvolvido com softwares 100% Open Source: Linux, J2EE (Tomcat \/ JBoss),\u00a0PostgreSQL, utilizando tecnologias sempre direcionadas \u00e0 alta performance, m\u00e1xima seguran\u00e7a,\u00a0baixo custo total de propriedade (TCO) e, conseq\u00fcentemente, grande retorno sobre o\u00a0investimento e sem depend\u00eancia tecnol\u00f3gica.<\/p>\n<p><strong>Vantagens do aplicativo na WEB<\/strong><br \/>\n\u2022N\u00e3o h\u00e1 necessidade de compra ou manuten\u00e7\u00e3o de servidor interno, evitando despesas com\u00a0hardware, software e infra-estrutura para servidores;<br \/>\n\u2022N\u00e3o h\u00e1 necessidade de instala\u00e7\u00e3o ou manuten\u00e7\u00e3o de linhas de comunica\u00e7\u00e3o dedicadas\u00a0entre filiais e matriz, evitando despesas com equipamentos e loca\u00e7\u00e3o das mesmas;<br \/>\n\u2022Possibilidade de aproveitamento do parque de m\u00e1quinas de gera\u00e7\u00e3o anterior, evitando\u00a0despesas freq\u00fcentes de atualiza\u00e7\u00e3o; assim como de seus sistemas operacionais, pois\u00a0podem ser utilizados sistemas gratuitos, ou vers\u00f5es dos sistemas operacionais j\u00e1 instalados\u00a0nas m\u00e1quinas;<br \/>\n\u2022N\u00e3o h\u00e1 necessidade de constante manuten\u00e7\u00e3o de backups do sistema, evitando despesas\u00a0com equipamentos para esta finalidade, assim como m\u00e3o de obra especializada ou treinada\u00a0para tal fun\u00e7\u00e3o;<br \/>\n\u2022Unifica\u00e7\u00e3o de dados entre filiais, evitando duplicidade dos dados e gerando uniformidade\u00a0nos mesmos, bem como ganho consider\u00e1vel de tempo em consultas e e atualiza\u00e7\u00f5es de\u00a0produtos e clientes em diversas filiais;<\/p>\n<p><strong>D\u00favidas Freq\u00fcentes<\/strong><\/p>\n<p>1) Onde ficam meus dados?<br \/>\nR: Ficam num servidor central que pode ser acessado de qualquer lugar do mundo.<\/p>\n<p>2) Como fa\u00e7o backup dos dados?<br \/>\nR: N\u00e3o \u00e9 necess\u00e1rio, pois n\u00f3s nos encarregamos disso, com backups efetuados durante a\u00a0madrugada sete (7) dias da semana.<\/p>\n<p>3) Como acesso o sistema?<br \/>\nR: Primeiramente voc\u00ea precisar\u00e1 de um acesso a Internet do tipo banda larga, como ADSL, por\u00a0exemplo, e depois basta entrar no navegador Internet e digitar o endere\u00e7o da sua empresa na\u00a0internet.<\/p>\n<p>4) E se der problema na minha conex\u00e3o com a Internet?<br \/>\nR: Apesar de a banda larga ser normalmente muito est\u00e1vel, isso n\u00e3o \u00e9 imposs\u00edvel de acontecer,\u00a0e seu sistema ficar\u00e1 inacess\u00edvel no per\u00edodo em que houver o problema, que normalmente s\u00e3o\u00a0resolvidos rapidamente. Mas ficar com o sistema inacess\u00edvel n\u00e3o \u00e9 um problema exclusivamente\u00a0dos sistemas que funcionam via Internet, pois mesmo sua empresa tendo um sistema num\u00a0servidor interno, o servidor ou os softwares instalados nele podem ter problemas e voc\u00ea\u00a0precisar\u00e1 chamar um t\u00e9cnico para resolver o problema e neste per\u00edodo ficar\u00e1 com o sistema\u00a0inacess\u00edvel tamb\u00e9m.<\/p>\n<p>5) Meus dados est\u00e3o seguros?<br \/>\nR: Sim, eles s\u00e3o protegidos por senhas criptografadas e utilizamos recursos semelhantes aos\u00a0utilizados por institui\u00e7\u00f5es banc\u00e1rias.<\/p>\n","protected":false},"excerpt":{"rendered":"<p>Apresenta\u00e7\u00e3o O Software para Gerenciamento de Transportadoras \u00e9 um Sistema Integrado de Gest\u00e3o com funcionamento via Web,\u00a0portanto n\u00e3o \u00e9 necess\u00e1rio ter um servidor na empresa, j\u00e1 que o sistema fica instalado em um\u00a0provedor de hospedagem. Esta tecnologia permite uma dr\u00e1stica e comprovada redu\u00e7\u00e3o das\u00a0despesas de infra estrutura, manuten\u00e7\u00e3o de servidores e m\u00e1quinas na empresa. Voc\u00ea [&hellip;]<\/p>\n","protected":false},"author":1,"featured_media":0,"parent":0,"menu_order":0,"comment_status":"open","ping_status":"open","template":"","meta":{"footnotes":""},"class_list":["post-39","page","type-page","status-publish","hentry"],"_links":{"self":[{"href":"http:\/\/www.pwslogistica.com.br\/site\/index.php?rest_route=\/wp\/v2\/pages\/39","targetHints":{"allow":["GET"]}}],"collection":[{"href":"http:\/\/www.pwslogistica.com.br\/site\/index.php?rest_route=\/wp\/v2\/pages"}],"about":[{"href":"http:\/\/www.pwslogistica.com.br\/site\/index.php?rest_route=\/wp\/v2\/types\/page"}],"author":[{"embeddable":true,"href":"http:\/\/www.pwslogistica.com.br\/site\/index.php?rest_route=\/wp\/v2\/users\/1"}],"replies":[{"embeddable":true,"href":"http:\/\/www.pwslogistica.com.br\/site\/index.php?rest_route=%2Fwp%2Fv2%2Fcomments&post=39"}],"version-history":[{"count":3,"href":"http:\/\/www.pwslogistica.com.br\/site\/index.php?rest_route=\/wp\/v2\/pages\/39\/revisions"}],"predecessor-version":[{"id":45,"href":"http:\/\/www.pwslogistica.com.br\/site\/index.php?rest_route=\/wp\/v2\/pages\/39\/revisions\/45"}],"wp:attachment":[{"href":"http:\/\/www.pwslogistica.com.br\/site\/index.php?rest_route=%2Fwp%2Fv2%2Fmedia&parent=39"}],"curies":[{"name":"wp","href":"https:\/\/api.w.org\/{rel}","templated":true}]}}